{"id":250,"date":"2021-09-08T14:56:16","date_gmt":"2021-09-08T14:56:16","guid":{"rendered":"https:\/\/www.duo-tlv.com\/?page_id=250"},"modified":"2022-05-22T08:10:16","modified_gmt":"2022-05-22T08:10:16","slug":"the-project","status":"publish","type":"page","link":"https:\/\/www.duo-tlv.com\/it\/the-project\/","title":{"rendered":"Informazioni sul progetto"},"content":{"rendered":"<div data-elementor-type=\"wp-page\" data-elementor-id=\"250\" class=\"elementor elementor-250\" data-elementor-post-type=\"page\">\n\t\t\t\t\t\t<section class=\"elementor-section elementor-top-section elementor-element elementor-element-615b7c5 elementor-section-full_width elementor-section-height-min-height elementor-section-height-default elementor-section-items-middle\" data-id=\"615b7c5\" data-element_type=\"section\" data-e-type=\"section\" data-settings=\"{&quot;background_background&quot;:&quot;classic&quot;}\">\n\t\t\t\t\t\t<div class=\"elementor-container elementor-column-gap-default\">\n\t\t\t\t\t<div class=\"elementor-column elementor-col-100 elementor-top-column elementor-element elementor-element-1fe7e72\" data-id=\"1fe7e72\" data-element_type=\"column\" data-e-type=\"column\">\n\t\t\t<div class=\"elementor-widget-wrap\">\n\t\t\t\t\t\t\t<\/div>\n\t\t<\/div>\n\t\t\t\t\t<\/div>\n\t\t<\/section>\n\t\t\t\t<section class=\"elementor-section elementor-top-section elementor-element elementor-element-456ac97 forcetop elementor-section-boxed elementor-section-height-default elementor-section-height-default\" data-id=\"456ac97\" data-element_type=\"section\" data-e-type=\"section\">\n\t\t\t\t\t\t<div class=\"elementor-container elementor-column-gap-no\">\n\t\t\t\t\t<div class=\"elementor-column elementor-col-100 elementor-top-column elementor-element elementor-element-713ea5d\" data-id=\"713ea5d\" data-element_type=\"column\" data-e-type=\"column\">\n\t\t\t<div class=\"elementor-widget-wrap elementor-element-populated\">\n\t\t\t\t\t\t<div class=\"elementor-element elementor-element-e7353e4 elementor-widget elementor-widget-Shik Spacer\" data-id=\"e7353e4\" data-element_type=\"widget\" data-e-type=\"widget\" data-widget_type=\"Shik Spacer.default\">\n\t\t\t\t<div class=\"elementor-widget-container\">\n\t\t\t\t\t\t\t<div class=\"elementor-spacer\">\n\t\t\t<div class=\"elementor-spacer-inner\"><\/div>\n\t\t<\/div>\n\t\t\t\t\t\t<\/div>\n\t\t\t\t<\/div>\n\t\t\t\t<div class=\"elementor-element elementor-element-8dcda22 elementor-invisible elementor-widget elementor-widget-heading\" data-id=\"8dcda22\" data-element_type=\"widget\" data-e-type=\"widget\" data-settings=\"{&quot;_animation&quot;:&quot;fadeInUp&quot;}\" data-widget_type=\"heading.default\">\n\t\t\t\t<div class=\"elementor-widget-container\">\n\t\t\t\t\t<h2 class=\"elementor-heading-title elementor-size-default\">La nuova icona residenziale di Tel Aviv<\/h2>\t\t\t\t<\/div>\n\t\t\t\t<\/div>\n\t\t\t\t<div class=\"elementor-element elementor-element-aa5263a elementor-widget elementor-widget-Shik Spacer\" data-id=\"aa5263a\" data-element_type=\"widget\" data-e-type=\"widget\" data-widget_type=\"Shik Spacer.default\">\n\t\t\t\t<div class=\"elementor-widget-container\">\n\t\t\t\t\t\t\t<div class=\"elementor-spacer\">\n\t\t\t<div class=\"elementor-spacer-inner\"><\/div>\n\t\t<\/div>\n\t\t\t\t\t\t<\/div>\n\t\t\t\t<\/div>\n\t\t\t\t<div class=\"elementor-element elementor-element-ece64ca elementor-invisible elementor-widget elementor-widget-heading\" data-id=\"ece64ca\" data-element_type=\"widget\" data-e-type=\"widget\" data-settings=\"{&quot;_animation&quot;:&quot;fadeInUp&quot;}\" data-widget_type=\"heading.default\">\n\t\t\t\t<div class=\"elementor-widget-container\">\n\t\t\t\t\t<h3 class=\"elementor-heading-title elementor-size-default\">Un complesso residenziale di livello internazionale, dove Arlozorov St. incrocia Ibn Gvirol St.<\/h3>\t\t\t\t<\/div>\n\t\t\t\t<\/div>\n\t\t\t\t<div class=\"elementor-element elementor-element-1dcb4e1 elementor-widget elementor-widget-Shik Spacer\" data-id=\"1dcb4e1\" data-element_type=\"widget\" data-e-type=\"widget\" data-widget_type=\"Shik Spacer.default\">\n\t\t\t\t<div class=\"elementor-widget-container\">\n\t\t\t\t\t\t\t<div class=\"elementor-spacer\">\n\t\t\t<div class=\"elementor-spacer-inner\"><\/div>\n\t\t<\/div>\n\t\t\t\t\t\t<\/div>\n\t\t\t\t<\/div>\n\t\t\t\t<div class=\"elementor-element elementor-element-7f381e9 max780 elementor-invisible elementor-widget elementor-widget-text-editor\" data-id=\"7f381e9\" data-element_type=\"widget\" data-e-type=\"widget\" data-settings=\"{&quot;_animation&quot;:&quot;fadeInUp&quot;}\" data-widget_type=\"text-editor.default\">\n\t\t\t\t<div class=\"elementor-widget-container\">\n\t\t\t\t\t\t\t\t\t<p class=\"translation-block\">Il cuore palpitante di Tel Aviv \u00e8 lo scenario di uno dei progetti pi\u00f9 significativi che dovrebbe essere realizzato nei prossimi anni: DUO<sup>\u00ae<\/sup> Tel Aviv.\n\nQui, due torri spettacolari e un complesso commerciale e ricreativo sorgeranno al di sopra del vivace incrocio delle principali arterie di traffico della citt\u00e0. \u00c8 semplicemente il luogo ideale per tutti coloro che amano la citt\u00e0, vicino a tutto ci\u00f2 che conferisce a Tel Aviv il suo carattere unico: centri culturali, di intrattenimento e di svago, ristoranti e caff\u00e8, centri commerciali, Yarkon Park, il porto di Tel Aviv e, naturalmente, le splendide spiagge del Mediterraneo.\n\nDUO<sup>\u00ae<\/sup> Tel Aviv \u00e8 un capolavoro di architettura contemporanea che riflette la visione pionieristica del \"superarchitetto\" Avner Yashar di Yashar Architects e allestito dallo studio di interior design leader in Israele, l\u2019Orly Shrem Architects. Ogni aspetto del suo design esprime un concetto generale coerente, poich\u00e9 le connessioni si formano su ogni livello, dai piani architettonici pi\u00f9 ampi ai pi\u00f9 piccoli dettagli decorativi.<\/p>\t\t\t\t\t\t\t\t<\/div>\n\t\t\t\t<\/div>\n\t\t\t\t<div class=\"elementor-element elementor-element-e43d6d2 elementor-widget elementor-widget-Shik Spacer\" data-id=\"e43d6d2\" data-element_type=\"widget\" data-e-type=\"widget\" data-widget_type=\"Shik Spacer.default\">\n\t\t\t\t<div class=\"elementor-widget-container\">\n\t\t\t\t\t\t\t<div class=\"elementor-spacer\">\n\t\t\t<div class=\"elementor-spacer-inner\"><\/div>\n\t\t<\/div>\n\t\t\t\t\t\t<\/div>\n\t\t\t\t<\/div>\n\t\t\t\t\t<\/div>\n\t\t<\/div>\n\t\t\t\t\t<\/div>\n\t\t<\/section>\n\t\t\t\t<section class=\"elementor-section elementor-top-section elementor-element elementor-element-0826e03 elementor-section-full_width forcemwidth elementor-section-height-default elementor-section-height-default elementor-invisible\" data-id=\"0826e03\" data-element_type=\"section\" data-e-type=\"section\" data-settings=\"{&quot;animation&quot;:&quot;fadeInUp&quot;}\">\n\t\t\t\t\t\t<div class=\"elementor-container elementor-column-gap-no\">\n\t\t\t\t\t<div class=\"elementor-column elementor-col-100 elementor-top-column elementor-element elementor-element-9c0a3ef\" data-id=\"9c0a3ef\" data-element_type=\"column\" data-e-type=\"column\">\n\t\t\t<div class=\"elementor-widget-wrap elementor-element-populated\">\n\t\t\t\t\t\t<div class=\"elementor-element elementor-element-f1882c5 elementor-arrows-position-inside elementor-pagination-position-outside elementor-widget elementor-widget-image-carousel\" data-id=\"f1882c5\" data-element_type=\"widget\" data-e-type=\"widget\" data-settings=\"{&quot;slides_to_show&quot;:&quot;1&quot;,&quot;autoplay_speed&quot;:9000,&quot;effect&quot;:&quot;fade&quot;,&quot;speed&quot;:800,&quot;navigation&quot;:&quot;both&quot;,&quot;autoplay&quot;:&quot;yes&quot;,&quot;pause_on_hover&quot;:&quot;yes&quot;,&quot;pause_on_interaction&quot;:&quot;yes&quot;,&quot;infinite&quot;:&quot;yes&quot;}\" data-widget_type=\"image-carousel.default\">\n\t\t\t\t<div class=\"elementor-widget-container\">\n\t\t\t\t\t\t\t<div class=\"elementor-image-carousel-wrapper swiper\" role=\"region\" aria-roledescription=\"carousel\" aria-label=\"\u05e7\u05e8\u05d5\u05e1\u05dc\u05ea \u05ea\u05de\u05d5\u05e0\u05d5\u05ea\" dir=\"ltr\">\n\t\t\t<div class=\"elementor-image-carousel swiper-wrapper swiper-image-stretch\" aria-live=\"off\">\n\t\t\t\t\t\t\t\t<div class=\"swiper-slide\" role=\"group\" aria-roledescription=\"slide\" aria-label=\"1 \u05de\u05ea\u05d5\u05da 3\"><a data-elementor-open-lightbox=\"yes\" data-elementor-lightbox-slideshow=\"f1882c5\" data-e-action-hash=\"#elementor-action%3Aaction%3Dlightbox%26settings%3DeyJpZCI6OTE2LCJ1cmwiOiJodHRwczpcL1wvd3d3LmR1by10bHYuY29tXC93cC1jb250ZW50XC91cGxvYWRzXC8yMDIxXC8xMVwvNDU0MS5qcGciLCJzbGlkZXNob3ciOiJmMTg4MmM1In0%3D\" href=\"https:\/\/www.duo-tlv.com\/wp-content\/uploads\/2021\/11\/4541.jpg\"><figure class=\"swiper-slide-inner\"><img decoding=\"async\" class=\"swiper-slide-image\" src=\"https:\/\/www.duo-tlv.com\/wp-content\/uploads\/2021\/11\/4541.jpg\" alt=\"4541\" \/><\/figure><\/a><\/div><div class=\"swiper-slide\" role=\"group\" aria-roledescription=\"slide\" aria-label=\"2 \u05de\u05ea\u05d5\u05da 3\"><a data-elementor-open-lightbox=\"yes\" data-elementor-lightbox-slideshow=\"f1882c5\" data-e-action-hash=\"#elementor-action%3Aaction%3Dlightbox%26settings%3DeyJpZCI6NjU3LCJ1cmwiOiJodHRwczpcL1wvd3d3LmR1by10bHYuY29tXC93cC1jb250ZW50XC91cGxvYWRzXC8yMDIxXC8wOVwvMDAwOV9zZW1lbC1kYXJvbS1jMTUtZGF5XzAuanBnIiwic2xpZGVzaG93IjoiZjE4ODJjNSJ9\" href=\"https:\/\/www.duo-tlv.com\/wp-content\/uploads\/2021\/09\/0009_semel-darom-c15-day_0.jpg\"><figure class=\"swiper-slide-inner\"><img decoding=\"async\" class=\"swiper-slide-image\" src=\"https:\/\/www.duo-tlv.com\/wp-content\/uploads\/2021\/09\/0009_semel-darom-c15-day_0.jpg\" alt=\"_0009_semel-darom-c15-day_0\" \/><\/figure><\/a><\/div><div class=\"swiper-slide\" role=\"group\" aria-roledescription=\"slide\" aria-label=\"3 \u05de\u05ea\u05d5\u05da 3\"><a data-elementor-open-lightbox=\"yes\" data-elementor-lightbox-slideshow=\"f1882c5\" data-e-action-hash=\"#elementor-action%3Aaction%3Dlightbox%26settings%3DeyJpZCI6NjU4LCJ1cmwiOiJodHRwczpcL1wvd3d3LmR1by10bHYuY29tXC93cC1jb250ZW50XC91cGxvYWRzXC8yMDIxXC8wOVwvMDAxMF9zZW1lbC1kYXJvbS1jMDItZGF5XzAuanBnIiwic2xpZGVzaG93IjoiZjE4ODJjNSJ9\" href=\"https:\/\/www.duo-tlv.com\/wp-content\/uploads\/2021\/09\/0010_semel-darom-c02-day_0.jpg\"><figure class=\"swiper-slide-inner\"><img decoding=\"async\" class=\"swiper-slide-image\" src=\"https:\/\/www.duo-tlv.com\/wp-content\/uploads\/2021\/09\/0010_semel-darom-c02-day_0.jpg\" alt=\"_0010_semel-darom-c02-day_0\" \/><\/figure><\/a><\/div>\t\t\t<\/div>\n\t\t\t\t\t\t\t\t\t\t\t\t<div class=\"elementor-swiper-button elementor-swiper-button-prev\" role=\"button\" tabindex=\"0\">\n\t\t\t\t\t\t<i aria-hidden=\"true\" class=\"eicon-chevron-left\"><\/i>\t\t\t\t\t<\/div>\n\t\t\t\t\t<div class=\"elementor-swiper-button elementor-swiper-button-next\" role=\"button\" tabindex=\"0\">\n\t\t\t\t\t\t<i aria-hidden=\"true\" class=\"eicon-chevron-right\"><\/i>\t\t\t\t\t<\/div>\n\t\t\t\t\n\t\t\t\t\t\t\t\t\t<div class=\"swiper-pagination\"><\/div>\n\t\t\t\t\t\t\t\t\t<\/div>\n\t\t\t\t\t\t<\/div>\n\t\t\t\t<\/div>\n\t\t\t\t\t<\/div>\n\t\t<\/div>\n\t\t\t\t\t<\/div>\n\t\t<\/section>\n\t\t\t\t<\/div>","protected":false},"excerpt":{"rendered":"<p>\u05d4\u05d0\u05d9\u05d9\u05e7\u05d5\u05df \u05d4\u05d7\u05d3\u05e9 \u05e9\u05dc \u05ea\u05dc-\u05d0\u05d1\u05d9\u05d1 \u05de\u05ea\u05d7\u05dd \u05de\u05d2\u05d5\u05e8\u05d9\u05dd \u05d1\u05e1\u05d8\u05e0\u05d3\u05e8\u05d8\u05d9\u05dd \u05d1\u05d9\u05e0\u05dc\u05d0\u05d5\u05de\u05d9\u05d9\u05dd \u05d1\u05de\u05e4\u05d2\u05e9 \u05d4\u05e8\u05d7\u05d5\u05d1\u05d5\u05ea \u05d0\u05e8\u05dc\u05d5\u05d6\u05d5\u05e8\u05d5\u05d1 \u05d5\u05d0\u05d1\u05df \u05d2\u05d1\u05d9\u05e8\u05d5\u05dc \u05d1\u05dc\u05d1 \u05dc\u05d9\u05d1\u05d4 \u05d4\u05e4\u05d5\u05e2\u05dd \u05e9\u05dc \u05d4\u05e2\u05d9\u05e8 \u05ea\u05dc \u05d0\u05d1\u05d9\u05d1 \u05d4\u05d5\u05dc\u05da \u05d5\u05e0\u05e8\u05e7\u05dd \u05d0\u05d7\u05d3 \u05d4\u05e4\u05e8\u05d5\u05d9\u05e7\u05d8\u05d9\u05dd \u05d4\u05de\u05e9\u05de\u05e2\u05d5\u05ea\u05d9\u05d9\u05dd \u05d4\u05e6\u05e4\u05d5\u05d9\u05d9\u05dd \u05dc\u05e7\u05d5\u05dd \u05d1\u05e9\u05e0\u05d9\u05dd \u05d4\u05d1\u05d0\u05d5\u05ea &#8211; DUO\u00ae Tel Aviv.\u05e6\u05de\u05d3 \u05de\u05d2\u05d3\u05dc\u05d9\u05dd \u05de\u05e8\u05d4\u05d9\u05d1\u05d9\u05dd, \u05dc\u05e6\u05d3 \u05de\u05ea\u05d7\u05dd \u05de\u05e1\u05d7\u05e8 \u05d5\u05e4\u05e0\u05d0\u05d9, \u05d9\u05ea\u05e0\u05e9\u05d0\u05d5 \u05de\u05e2\u05dc \u05de\u05e4\u05d2\u05e9 \u05e9\u05d5\u05e7\u05e7 \u05d7\u05d9\u05d9\u05dd \u05e9\u05dc \u05e2\u05d5\u05e8\u05e7\u05d9 \u05d4\u05ea\u05e0\u05d5\u05e2\u05d4 \u05e9\u05dc \u05d4\u05e2\u05d9\u05e8. \u05de\u05d9\u05e7\u05d5\u05dd \u05d0\u05d9\u05d3\u05d9\u05d0\u05dc\u05d9 \u05dc\u05e9\u05d5\u05d7\u05e8\u05d9 \u05d4\u05e2\u05d9\u05e8, \u05d1\u05e1\u05de\u05d5\u05da \u05dc\u05db\u05dc [&hellip;]<\/p>\n","protected":false},"author":1,"featured_media":0,"parent":0,"menu_order":0,"comment_status":"closed","ping_status":"closed","template":"","meta":{"footnotes":""},"class_list":["post-250","page","type-page","status-publish","hentry"],"yoast_head":"<!-- This site is optimized with the Yoast SEO plugin v27.4 - https:\/\/yoast.com\/product\/yoast-seo-wordpress\/ -->\n<title>\u05d0\u05d5\u05d3\u05d5\u05ea | DUO Tel Aviv \u2022 \u05de\u05ea\u05d7\u05dd \u05de\u05d2\u05d5\u05e8\u05d9\u05dd \u05d1\u05e1\u05d8\u05e0\u05d3\u05e8\u05d8\u05d9\u05dd \u05d1\u05d9\u05e0\u05dc\u05d0\u05d5\u05de\u05d9\u05d9\u05dd<\/title>\n<meta name=\"description\" content=\"\u05d1\u05dc\u05d1 \u05dc\u05d9\u05d1\u05d4 \u05d4\u05e4\u05d5\u05e2\u05dd \u05e9\u05dc \u05d4\u05e2\u05d9\u05e8 \u05ea\u05dc \u05d0\u05d1\u05d9\u05d1 \u05d4\u05d5\u05dc\u05da \u05d5\u05e0\u05e8\u05e7\u05dd \u05d0\u05d7\u05d3 \u05d4\u05e4\u05e8\u05d5\u05d9\u05e7\u05d8\u05d9\u05dd \u05d4\u05de\u05e9\u05de\u05e2\u05d5\u05ea\u05d9\u05d9\u05dd \u05d4\u05e6\u05e4\u05d5\u05d9\u05d9\u05dd \u05dc\u05e7\u05d5\u05dd \u05d1\u05e9\u05e0\u05d9\u05dd \u05d4\u05d1\u05d0\u05d5\u05ea \u2013 DUO Tel Aviv.\" \/>\n<meta name=\"robots\" content=\"index, follow, max-snippet:-1, max-image-preview:large, max-video-preview:-1\" \/>\n<link rel=\"canonical\" href=\"https:\/\/www.duo-tlv.com\/it\/the-project\/\" \/>\n<meta property=\"og:locale\" content=\"it_IT\" \/>\n<meta property=\"og:type\" content=\"article\" \/>\n<meta property=\"og:title\" content=\"\u05d0\u05d5\u05d3\u05d5\u05ea | DUO Tel Aviv \u2022 \u05de\u05ea\u05d7\u05dd \u05de\u05d2\u05d5\u05e8\u05d9\u05dd \u05d1\u05e1\u05d8\u05e0\u05d3\u05e8\u05d8\u05d9\u05dd \u05d1\u05d9\u05e0\u05dc\u05d0\u05d5\u05de\u05d9\u05d9\u05dd\" \/>\n<meta property=\"og:description\" content=\"\u05d1\u05dc\u05d1 \u05dc\u05d9\u05d1\u05d4 \u05d4\u05e4\u05d5\u05e2\u05dd \u05e9\u05dc \u05d4\u05e2\u05d9\u05e8 \u05ea\u05dc \u05d0\u05d1\u05d9\u05d1 \u05d4\u05d5\u05dc\u05da \u05d5\u05e0\u05e8\u05e7\u05dd \u05d0\u05d7\u05d3 \u05d4\u05e4\u05e8\u05d5\u05d9\u05e7\u05d8\u05d9\u05dd \u05d4\u05de\u05e9\u05de\u05e2\u05d5\u05ea\u05d9\u05d9\u05dd \u05d4\u05e6\u05e4\u05d5\u05d9\u05d9\u05dd \u05dc\u05e7\u05d5\u05dd \u05d1\u05e9\u05e0\u05d9\u05dd \u05d4\u05d1\u05d0\u05d5\u05ea \u2013 DUO Tel Aviv.\" \/>\n<meta property=\"og:url\" content=\"https:\/\/www.duo-tlv.com\/it\/the-project\/\" \/>\n<meta property=\"og:site_name\" content=\"DUO Tel Aviv \u2022 \u05de\u05ea\u05d7\u05dd \u05de\u05d2\u05d5\u05e8\u05d9\u05dd \u05d1\u05e1\u05d8\u05e0\u05d3\u05e8\u05d8\u05d9\u05dd \u05d1\u05d9\u05e0\u05dc\u05d0\u05d5\u05de\u05d9\u05d9\u05dd\" \/>\n<meta property=\"article:modified_time\" content=\"2022-05-22T08:10:16+00:00\" \/>\n<meta property=\"og:image\" content=\"https:\/\/www.duo-tlv.com\/wp-content\/uploads\/2021\/11\/4541.jpg\" \/>\n<meta name=\"twitter:card\" content=\"summary_large_image\" \/>\n<meta name=\"twitter:label1\" content=\"Tempo di lettura stimato\" \/>\n\t<meta name=\"twitter:data1\" content=\"2 minuti\" \/>\n<script type=\"application\/ld+json\" class=\"yoast-schema-graph\">{\"@context\":\"https:\\\/\\\/schema.org\",\"@graph\":[{\"@type\":\"WebPage\",\"@id\":\"https:\\\/\\\/www.duo-tlv.com\\\/the-project\\\/\",\"url\":\"https:\\\/\\\/www.duo-tlv.com\\\/the-project\\\/\",\"name\":\"\u05d0\u05d5\u05d3\u05d5\u05ea | DUO Tel Aviv \u2022 \u05de\u05ea\u05d7\u05dd \u05de\u05d2\u05d5\u05e8\u05d9\u05dd \u05d1\u05e1\u05d8\u05e0\u05d3\u05e8\u05d8\u05d9\u05dd \u05d1\u05d9\u05e0\u05dc\u05d0\u05d5\u05de\u05d9\u05d9\u05dd\",\"isPartOf\":{\"@id\":\"https:\\\/\\\/www.duo-tlv.com\\\/#website\"},\"primaryImageOfPage\":{\"@id\":\"https:\\\/\\\/www.duo-tlv.com\\\/the-project\\\/#primaryimage\"},\"image\":{\"@id\":\"https:\\\/\\\/www.duo-tlv.com\\\/the-project\\\/#primaryimage\"},\"thumbnailUrl\":\"https:\\\/\\\/www.duo-tlv.com\\\/wp-content\\\/uploads\\\/2021\\\/11\\\/4541.jpg\",\"datePublished\":\"2021-09-08T14:56:16+00:00\",\"dateModified\":\"2022-05-22T08:10:16+00:00\",\"description\":\"\u05d1\u05dc\u05d1 \u05dc\u05d9\u05d1\u05d4 \u05d4\u05e4\u05d5\u05e2\u05dd \u05e9\u05dc \u05d4\u05e2\u05d9\u05e8 \u05ea\u05dc \u05d0\u05d1\u05d9\u05d1 \u05d4\u05d5\u05dc\u05da \u05d5\u05e0\u05e8\u05e7\u05dd \u05d0\u05d7\u05d3 \u05d4\u05e4\u05e8\u05d5\u05d9\u05e7\u05d8\u05d9\u05dd \u05d4\u05de\u05e9\u05de\u05e2\u05d5\u05ea\u05d9\u05d9\u05dd \u05d4\u05e6\u05e4\u05d5\u05d9\u05d9\u05dd \u05dc\u05e7\u05d5\u05dd \u05d1\u05e9\u05e0\u05d9\u05dd \u05d4\u05d1\u05d0\u05d5\u05ea \u2013 DUO Tel Aviv.\",\"breadcrumb\":{\"@id\":\"https:\\\/\\\/www.duo-tlv.com\\\/the-project\\\/#breadcrumb\"},\"inLanguage\":\"it-IT\",\"potentialAction\":[{\"@type\":\"ReadAction\",\"target\":[\"https:\\\/\\\/www.duo-tlv.com\\\/the-project\\\/\"]}]},{\"@type\":\"ImageObject\",\"inLanguage\":\"it-IT\",\"@id\":\"https:\\\/\\\/www.duo-tlv.com\\\/the-project\\\/#primaryimage\",\"url\":\"https:\\\/\\\/www.duo-tlv.com\\\/wp-content\\\/uploads\\\/2021\\\/11\\\/4541.jpg\",\"contentUrl\":\"https:\\\/\\\/www.duo-tlv.com\\\/wp-content\\\/uploads\\\/2021\\\/11\\\/4541.jpg\"},{\"@type\":\"BreadcrumbList\",\"@id\":\"https:\\\/\\\/www.duo-tlv.com\\\/the-project\\\/#breadcrumb\",\"itemListElement\":[{\"@type\":\"ListItem\",\"position\":1,\"name\":\"Home\",\"item\":\"https:\\\/\\\/www.duo-tlv.com\\\/\"},{\"@type\":\"ListItem\",\"position\":2,\"name\":\"\u05d0\u05d5\u05d3\u05d5\u05ea\"}]},{\"@type\":\"WebSite\",\"@id\":\"https:\\\/\\\/www.duo-tlv.com\\\/#website\",\"url\":\"https:\\\/\\\/www.duo-tlv.com\\\/\",\"name\":\"DUO Tel Aviv \u2022 \u05de\u05ea\u05d7\u05dd \u05de\u05d2\u05d5\u05e8\u05d9\u05dd \u05d1\u05e1\u05d8\u05e0\u05d3\u05e8\u05d8\u05d9\u05dd \u05d1\u05d9\u05e0\u05dc\u05d0\u05d5\u05de\u05d9\u05d9\u05dd\",\"description\":\"\",\"publisher\":{\"@id\":\"https:\\\/\\\/www.duo-tlv.com\\\/#organization\"},\"potentialAction\":[{\"@type\":\"SearchAction\",\"target\":{\"@type\":\"EntryPoint\",\"urlTemplate\":\"https:\\\/\\\/www.duo-tlv.com\\\/?s={search_term_string}\"},\"query-input\":{\"@type\":\"PropertyValueSpecification\",\"valueRequired\":true,\"valueName\":\"search_term_string\"}}],\"inLanguage\":\"it-IT\"},{\"@type\":\"Organization\",\"@id\":\"https:\\\/\\\/www.duo-tlv.com\\\/#organization\",\"name\":\"DUO Tel Aviv \u2022 \u05de\u05ea\u05d7\u05dd \u05de\u05d2\u05d5\u05e8\u05d9\u05dd \u05d1\u05e1\u05d8\u05e0\u05d3\u05e8\u05d8\u05d9\u05dd \u05d1\u05d9\u05e0\u05dc\u05d0\u05d5\u05de\u05d9\u05d9\u05dd\",\"url\":\"https:\\\/\\\/www.duo-tlv.com\\\/\",\"logo\":{\"@type\":\"ImageObject\",\"inLanguage\":\"it-IT\",\"@id\":\"https:\\\/\\\/www.duo-tlv.com\\\/#\\\/schema\\\/logo\\\/image\\\/\",\"url\":\"https:\\\/\\\/www.duo-tlv.com\\\/wp-content\\\/uploads\\\/2021\\\/09\\\/logo-v3BR.svg\",\"contentUrl\":\"https:\\\/\\\/www.duo-tlv.com\\\/wp-content\\\/uploads\\\/2021\\\/09\\\/logo-v3BR.svg\",\"width\":211,\"height\":91,\"caption\":\"DUO Tel Aviv \u2022 \u05de\u05ea\u05d7\u05dd \u05de\u05d2\u05d5\u05e8\u05d9\u05dd \u05d1\u05e1\u05d8\u05e0\u05d3\u05e8\u05d8\u05d9\u05dd \u05d1\u05d9\u05e0\u05dc\u05d0\u05d5\u05de\u05d9\u05d9\u05dd\"},\"image\":{\"@id\":\"https:\\\/\\\/www.duo-tlv.com\\\/#\\\/schema\\\/logo\\\/image\\\/\"}}]}<\/script>\n<!-- \/ Yoast SEO plugin. -->","yoast_head_json":{"title":"DUO Tel Aviv \u2022 Un complesso residenziale di livello internazionale | Informazioni sul progetto","description":"Il cuore palpitante di Tel Aviv \u00e8 lo scenario di uno dei progetti pi\u00f9 significativi che dovrebbe essere realizzato nei prossimi anni: DUO Tel Aviv.","robots":{"index":"index","follow":"follow","max-snippet":"max-snippet:-1","max-image-preview":"max-image-preview:large","max-video-preview":"max-video-preview:-1"},"canonical":"https:\/\/www.duo-tlv.com\/it\/the-project\/","og_locale":"it_IT","og_type":"article","og_title":"\u05d0\u05d5\u05d3\u05d5\u05ea | DUO Tel Aviv \u2022 \u05de\u05ea\u05d7\u05dd \u05de\u05d2\u05d5\u05e8\u05d9\u05dd \u05d1\u05e1\u05d8\u05e0\u05d3\u05e8\u05d8\u05d9\u05dd \u05d1\u05d9\u05e0\u05dc\u05d0\u05d5\u05de\u05d9\u05d9\u05dd","og_description":"\u05d1\u05dc\u05d1 \u05dc\u05d9\u05d1\u05d4 \u05d4\u05e4\u05d5\u05e2\u05dd \u05e9\u05dc \u05d4\u05e2\u05d9\u05e8 \u05ea\u05dc \u05d0\u05d1\u05d9\u05d1 \u05d4\u05d5\u05dc\u05da \u05d5\u05e0\u05e8\u05e7\u05dd \u05d0\u05d7\u05d3 \u05d4\u05e4\u05e8\u05d5\u05d9\u05e7\u05d8\u05d9\u05dd \u05d4\u05de\u05e9\u05de\u05e2\u05d5\u05ea\u05d9\u05d9\u05dd \u05d4\u05e6\u05e4\u05d5\u05d9\u05d9\u05dd \u05dc\u05e7\u05d5\u05dd \u05d1\u05e9\u05e0\u05d9\u05dd \u05d4\u05d1\u05d0\u05d5\u05ea \u2013 DUO Tel Aviv.","og_url":"https:\/\/www.duo-tlv.com\/it\/the-project\/","og_site_name":"DUO Tel Aviv \u2022 \u05de\u05ea\u05d7\u05dd \u05de\u05d2\u05d5\u05e8\u05d9\u05dd \u05d1\u05e1\u05d8\u05e0\u05d3\u05e8\u05d8\u05d9\u05dd \u05d1\u05d9\u05e0\u05dc\u05d0\u05d5\u05de\u05d9\u05d9\u05dd","article_modified_time":"2022-05-22T08:10:16+00:00","og_image":[{"url":"https:\/\/www.duo-tlv.com\/wp-content\/uploads\/2021\/11\/4541.jpg","type":"","width":"","height":""}],"twitter_card":"summary_large_image","twitter_misc":{"Tempo di lettura stimato":"2 minuti"},"schema":{"@context":"https:\/\/schema.org","@graph":[{"@type":"WebPage","@id":"https:\/\/www.duo-tlv.com\/the-project\/","url":"https:\/\/www.duo-tlv.com\/the-project\/","name":"DUO Tel Aviv \u2022 Un complesso residenziale di livello internazionale | Informazioni sul progetto","isPartOf":{"@id":"https:\/\/www.duo-tlv.com\/#website"},"primaryImageOfPage":{"@id":"https:\/\/www.duo-tlv.com\/the-project\/#primaryimage"},"image":{"@id":"https:\/\/www.duo-tlv.com\/the-project\/#primaryimage"},"thumbnailUrl":"https:\/\/www.duo-tlv.com\/wp-content\/uploads\/2021\/11\/4541.jpg","datePublished":"2021-09-08T14:56:16+00:00","dateModified":"2022-05-22T08:10:16+00:00","description":"Il cuore palpitante di Tel Aviv \u00e8 lo scenario di uno dei progetti pi\u00f9 significativi che dovrebbe essere realizzato nei prossimi anni: DUO Tel Aviv.","breadcrumb":{"@id":"https:\/\/www.duo-tlv.com\/the-project\/#breadcrumb"},"inLanguage":"it-IT","potentialAction":[{"@type":"ReadAction","target":["https:\/\/www.duo-tlv.com\/the-project\/"]}]},{"@type":"ImageObject","inLanguage":"it-IT","@id":"https:\/\/www.duo-tlv.com\/the-project\/#primaryimage","url":"https:\/\/www.duo-tlv.com\/wp-content\/uploads\/2021\/11\/4541.jpg","contentUrl":"https:\/\/www.duo-tlv.com\/wp-content\/uploads\/2021\/11\/4541.jpg"},{"@type":"BreadcrumbList","@id":"https:\/\/www.duo-tlv.com\/the-project\/#breadcrumb","itemListElement":[{"@type":"ListItem","position":1,"name":"Home","item":"https:\/\/www.duo-tlv.com\/"},{"@type":"ListItem","position":2,"name":"\u05d0\u05d5\u05d3\u05d5\u05ea"}]},{"@type":"WebSite","@id":"https:\/\/www.duo-tlv.com\/#website","url":"https:\/\/www.duo-tlv.com\/","name":"DUO Tel Aviv \u2022 Un complesso residenziale di livello internazionale","description":"","publisher":{"@id":"https:\/\/www.duo-tlv.com\/#organization"},"potentialAction":[{"@type":"SearchAction","target":{"@type":"EntryPoint","urlTemplate":"https:\/\/www.duo-tlv.com\/?s={search_term_string}"},"query-input":{"@type":"PropertyValueSpecification","valueRequired":true,"valueName":"search_term_string"}}],"inLanguage":"it-IT"},{"@type":"Organization","@id":"https:\/\/www.duo-tlv.com\/#organization","name":"DUO Tel Aviv \u2022 Un complesso residenziale di livello internazionale","url":"https:\/\/www.duo-tlv.com\/","logo":{"@type":"ImageObject","inLanguage":"it-IT","@id":"https:\/\/www.duo-tlv.com\/#\/schema\/logo\/image\/","url":"https:\/\/www.duo-tlv.com\/wp-content\/uploads\/2021\/09\/logo-v3BR.svg","contentUrl":"https:\/\/www.duo-tlv.com\/wp-content\/uploads\/2021\/09\/logo-v3BR.svg","width":211,"height":91,"caption":"DUO Tel Aviv \u2022 \u05de\u05ea\u05d7\u05dd \u05de\u05d2\u05d5\u05e8\u05d9\u05dd \u05d1\u05e1\u05d8\u05e0\u05d3\u05e8\u05d8\u05d9\u05dd \u05d1\u05d9\u05e0\u05dc\u05d0\u05d5\u05de\u05d9\u05d9\u05dd"},"image":{"@id":"https:\/\/www.duo-tlv.com\/#\/schema\/logo\/image\/"}}]}},"_links":{"self":[{"href":"https:\/\/www.duo-tlv.com\/it\/wp-json\/wp\/v2\/pages\/250","targetHints":{"allow":["GET"]}}],"collection":[{"href":"https:\/\/www.duo-tlv.com\/it\/wp-json\/wp\/v2\/pages"}],"about":[{"href":"https:\/\/www.duo-tlv.com\/it\/wp-json\/wp\/v2\/types\/page"}],"author":[{"embeddable":true,"href":"https:\/\/www.duo-tlv.com\/it\/wp-json\/wp\/v2\/users\/1"}],"replies":[{"embeddable":true,"href":"https:\/\/www.duo-tlv.com\/it\/wp-json\/wp\/v2\/comments?post=250"}],"version-history":[{"count":12,"href":"https:\/\/www.duo-tlv.com\/it\/wp-json\/wp\/v2\/pages\/250\/revisions"}],"predecessor-version":[{"id":1185,"href":"https:\/\/www.duo-tlv.com\/it\/wp-json\/wp\/v2\/pages\/250\/revisions\/1185"}],"wp:attachment":[{"href":"https:\/\/www.duo-tlv.com\/it\/wp-json\/wp\/v2\/media?parent=250"}],"curies":[{"name":"wp","href":"https:\/\/api.w.org\/{rel}","templated":true}]}}